{"id":35,"date":"2016-03-03T11:10:59","date_gmt":"2016-03-03T11:10:59","guid":{"rendered":"http:\/\/www.auranoctis.com\/?page_id=35"},"modified":"2026-02-27T16:16:37","modified_gmt":"2026-02-27T16:16:37","slug":"lyrics","status":"publish","type":"page","link":"https:\/\/auranoctis.es\/en\/music\/lyrics\/","title":{"rendered":"Lyrics"},"content":{"rendered":"<h2 lang=\"la\">D\u00e9cada en Directo:<\/h2>\n<a onclick=\"wpex_toggle(1379563903, 'Stay', 'Stay'); return false;\" class=\"wpex-link\" id=\"wpexlink1379563903\" href=\"#\">Stay<\/a><div class=\"wpex_div\" id=\"wpex1379563903\" style=\"display: none;\"><\/p>\n<p lang=\"en\">Embracing sadness will save you<br \/>\nYou can be calm<\/p>\n<p lang=\"en\">You know you need<br \/>\nto always look inside<br \/>\nNever run away from yourself<\/p>\n<p lang=\"en\">Remember you count as someone<br \/>\nfor you so you&#8217;re not alone<\/p>\n<p lang=\"en\">Grief is not your enemy<br \/>\ndon&#8217;t hide away<\/p>\n<p lang=\"en\">Don&#8217;t be afraid&#8230;<br \/>\nDon&#8217;t you be afraid&#8230;<\/p>\n<p lang=\"en\">You&#8217;re lucky they don&#8217;t heed you<br \/>\nDon&#8217;t you be here, protect your soul<br \/>\nLet your mind fly away, far away<\/p>\n<p lang=\"en\">You just have to wait<br \/>\nUntil you can escape<\/p>\n<p lang=\"en\">You know you need<br \/>\nto always look inside<br \/>\nNever run away from yourself<\/p>\n<p lang=\"en\">Remember<br \/>\nYou count as someone<br \/>\nfor you so you&#8217;re not alone<\/p>\n<p lang=\"en\">These wounds won&#8217;t kill you<br \/>\nso just stay, stay in my arms<\/p>\n<p class=\"written\">Olga<\/p>\n<p><\/div>\n<a onclick=\"wpex_toggle(59954327, 'Descubre', 'Descubre'); return false;\" class=\"wpex-link\" id=\"wpexlink59954327\" href=\"#\">Descubre<\/a><div class=\"wpex_div\" id=\"wpex59954327\" style=\"display: none;\"><\/p>\n<p lang=\"es\">Cu\u00e1nto por descubrir<\/p>\n<p lang=\"es\">Siente que cualquier contacto<br \/>\ncon este aire<br \/>\nle har\u00e1 dejar de ser<br \/>\nla misma de antes<\/p>\n<p lang=\"es\">Siente pero sin saberlo<br \/>\nque cualquier contacto<br \/>\ncon este aire le cercena<br \/>\ny va asfixiando su candor<\/p>\n<p lang=\"es\">Juega a ser s\u00f3lo un \u00e1ngel<\/p>\n<p lang=\"es\">Pero c\u00f3mo desplegar sus alas<br \/>\nPero c\u00f3mo no esconder<br \/>\nsus fr\u00e1giles alas<\/p>\n<p lang=\"es\">Si el aire<br \/>\nquema o tal vez hiela<br \/>\nPero siempre<br \/>\nduele sin soplar muy fuerte<\/p>\n<p lang=\"es\">Si el susurro ajeno es sentido<br \/>\ncomo un grito ensordecedor<\/p>\n<p lang=\"es\">Cubre con cristal su luz<br \/>\nObserva y descubre<\/p>\n<p class=\"written\">Olga<\/p>\n<p><\/div>\n<a onclick=\"wpex_toggle(946415479, 'El Cantar de las Hojas', 'El Cantar de las Hojas'); return false;\" class=\"wpex-link\" id=\"wpexlink946415479\" href=\"#\">El Cantar de las Hojas<\/a><div class=\"wpex_div\" id=\"wpex946415479\" style=\"display: none;\"><\/p>\n<p>Otra forma de escuchar<br \/>\nla imaginaci\u00f3n<br \/>\necha a volar<\/p>\n<p>Sin buscar, encuentro<br \/>\nrespuestas en las hojas<br \/>\nde ramas prendidas<\/p>\n<p>O en el suelo esparcidas<br \/>\nla tierra mi gu\u00eda<br \/>\nsiento su latir<\/p>\n<p>Mensajes que no o\u00eda<br \/>\nEl cantar de las hojas<\/p>\n<p class=\"written\">Beatriz<\/p>\n<p><\/div>\n<p>&nbsp;<\/p>\n<h2 lang=\"la\">Hiems Aeterna:<\/h2>\n<a onclick=\"wpex_toggle(697167599, 'Longing for Hope', 'Longing for Hope'); return false;\" class=\"wpex-link\" id=\"wpexlink697167599\" href=\"#\">Longing for Hope<\/a><div class=\"wpex_div\" id=\"wpex697167599\" style=\"display: none;\"><\/p>\n<p lang=\"en\">I can&#8217;t take anymore<br \/>\nevery relentless door closing before me<br \/>\nevery hug to the void<br \/>\nwalking through this hell alone and blind<\/p>\n<p lang=\"en\">I feel so lost (can&#8217;t hear my own voice)<br \/>\nLonging for hope (I could never give up)<br \/>\nI don&#8217;t belong (why was I even born?)<br \/>\nLonging for hope (I could never give up)<\/p>\n<p lang=\"en\">No place is my home<br \/>\n(stay silent and look down)<\/p>\n<p lang=\"en\">Always feeling so weird<br \/>\nthere&#8217;s no place for me<\/p>\n<p lang=\"en\">Tired of all these voices<br \/>\ncoming to me<\/p>\n<p lang=\"en\">This is not your place<br \/>\nWhy do you run away<br \/>\nTrapped in conflicting thinking<br \/>\nAll hope is gone<\/p>\n<p lang=\"en\">I feel so lost (can&#8217;t hear my own voice)<br \/>\nLonging for hope (I could never give up)<br \/>\nI don&#8217;t belong (why was I even born)<br \/>\nLonging for hope (I could never give up)<br \/>\nFeel like a ghost (can&#8217;t hear my own voice)<br \/>\nLonging for hope (I dream to survive)<\/p>\n<p lang=\"en\">I can&#8217;t take anymore<br \/>\nevery relentless door closing before me<br \/>\nevery hug to the void<br \/>\nwalking through this hell alone and blind<\/p>\n<p class=\"written\">Olga<\/p>\n<p><\/div>\n<a onclick=\"wpex_toggle(1604216590, 'Descubre', 'Descubre'); return false;\" class=\"wpex-link\" id=\"wpexlink1604216590\" href=\"#\">Descubre<\/a><div class=\"wpex_div\" id=\"wpex1604216590\" style=\"display: none;\"><\/p>\n<p lang=\"es\">Cu\u00e1nto por descubrir<\/p>\n<p lang=\"es\">Siente que cualquier contacto<br \/>\ncon este aire<br \/>\nle har\u00e1 dejar de ser<br \/>\nla misma de antes<\/p>\n<p lang=\"es\">Siente pero sin saberlo<br \/>\nque cualquier contacto<br \/>\ncon este aire le cercena<br \/>\ny va asfixiando su candor<\/p>\n<p lang=\"es\">Juega a ser s\u00f3lo un \u00e1ngel<\/p>\n<p lang=\"es\">Pero c\u00f3mo desplegar sus alas<br \/>\nPero c\u00f3mo no esconder<br \/>\nsus fr\u00e1giles alas<\/p>\n<p lang=\"es\">Si el aire<br \/>\nquema o tal vez hiela<br \/>\nPero siempre<br \/>\nduele sin soplar muy fuerte<\/p>\n<p lang=\"es\">Si el susurro ajeno es sentido<br \/>\ncomo un grito ensordecedor<\/p>\n<p lang=\"es\">Cubre con cristal su luz<br \/>\nObserva y descubre<\/p>\n<p class=\"written\">Olga<\/p>\n<p><\/div>\n<a onclick=\"wpex_toggle(1319005856, 'Dreaming in Darkness', 'Dreaming in Darkness'); return false;\" class=\"wpex-link\" id=\"wpexlink1319005856\" href=\"#\">Dreaming in Darkness<\/a><div class=\"wpex_div\" id=\"wpex1319005856\" style=\"display: none;\"><\/p>\n<p lang=\"en\">Dreaming&#8230;<br \/>\nof you&#8230;<br \/>\nin darkness&#8230;<\/p>\n<p lang=\"en\">Dreaming<br \/>\nof endless nights with you<br \/>\nDreaming in darkness<\/p>\n<p lang=\"en\">Never before sunset<br \/>\nNever before nightfall<\/p>\n<p class=\"written\">Olga<\/p>\n<p><\/div>\n<a onclick=\"wpex_toggle(1887272915, 'Sola Dryas', 'Sola Dryas'); return false;\" class=\"wpex-link\" id=\"wpexlink1887272915\" href=\"#\">Sola Dryas<\/a><div class=\"wpex_div\" id=\"wpex1887272915\" style=\"display: none;\"><\/p>\n<p lang=\"la\">Sola Dryas<br \/>\nsola dryas<br \/>\nmutans colores<br \/>\net venustate inmutabile<br \/>\nSola Dryas<br \/>\nsplendens anima<br \/>\ne silvis oriens<\/p>\n<p lang=\"la\">Sola Dryas quae<br \/>\narte magica<br \/>\ntua florere facis<br \/>\narborem qui innexa es<\/p>\n<p lang=\"la\">Sola Dryas<br \/>\nsola Dryas<br \/>\nsplendens anima<br \/>\ne silvis oriens<\/p>\n<p class=\"written\">Olga. Traducido al lat\u00edn por Blanca<\/p>\n<p><\/div>\n<a onclick=\"wpex_toggle(2120880717, 'Stay', 'Stay'); return false;\" class=\"wpex-link\" id=\"wpexlink2120880717\" href=\"#\">Stay<\/a><div class=\"wpex_div\" id=\"wpex2120880717\" style=\"display: none;\"><\/p>\n<p lang=\"en\">Embracing sadness will save you<br \/>\nYou can be calm<\/p>\n<p lang=\"en\">You know you need<br \/>\nto always look inside<br \/>\nNever run away from yourself<\/p>\n<p lang=\"en\">Remember you count as someone<br \/>\nfor you so you&#8217;re not alone<\/p>\n<p lang=\"en\">Grief is not your enemy<br \/>\ndon&#8217;t hide away<\/p>\n<p lang=\"en\">Don&#8217;t be afraid&#8230;<br \/>\nDon&#8217;t you be afraid&#8230;<\/p>\n<p lang=\"en\">You&#8217;re lucky they don&#8217;t heed you<br \/>\nDon&#8217;t you be here, protect your soul<br \/>\nLet your mind fly away, far away<\/p>\n<p lang=\"en\">You just have to wait<br \/>\nUntil you can escape<\/p>\n<p lang=\"en\">You know you need<br \/>\nto always look inside<br \/>\nNever run away from yourself<\/p>\n<p lang=\"en\">Remember<br \/>\nYou count as someone<br \/>\nfor you so you&#8217;re not alone<\/p>\n<p lang=\"en\">These wounds won&#8217;t kill you<br \/>\nso just stay, stay in my arms<\/p>\n<p class=\"written\">Olga<\/p>\n<p><\/div>\n<a onclick=\"wpex_toggle(1408135756, 'Ojos vac\u00edos', 'Ojos vac\u00edos'); return false;\" class=\"wpex-link\" id=\"wpexlink1408135756\" href=\"#\">Ojos vac\u00edos<\/a><div class=\"wpex_div\" id=\"wpex1408135756\" style=\"display: none;\"><\/p>\n<p lang=\"es\">Cuando ella emprendi\u00f3<br \/>\nel viaje a ning\u00fan lugar<br \/>\nno quise advertir<br \/>\nal \u00e1nima marchar<br \/>\nde la \u00fanica tierra<br \/>\nque puedo aprehender<\/p>\n<p lang=\"es\">No quise ver<br \/>\nsus ojos vac\u00edos<br \/>\nespejo del alma<br \/>\nsin alma que reflejar<br \/>\nNo quise ver<br \/>\nsus ojos vac\u00edos<br \/>\nque aun estando abiertos<br \/>\nno pueden mirar<\/p>\n<p lang=\"es\">No hay cielo ni infierno al que aferrarse<br \/>\nNo hay mal al que no siga una nueva ocasi\u00f3n<br \/>\nPuede brotar en la p\u00e9rdida la amistad<br \/>\nPuede una inquietud nacer de las ruinas del ser<\/p>\n<p class=\"written\">Written by Olga<\/p>\n<p><\/div>\n<h2>En Directo 2015<\/h2>\n<a onclick=\"wpex_toggle(2026279835, 'El Cantar de las Hojas (versi\u00f3n 2015)', 'El Cantar de las Hojas (versi\u00f3n 2015)'); return false;\" class=\"wpex-link\" id=\"wpexlink2026279835\" href=\"#\">El Cantar de las Hojas (versi\u00f3n 2015)<\/a><div class=\"wpex_div\" id=\"wpex2026279835\" style=\"display: none;\"><\/p>\n<p>Otra forma de escuchar<br \/>\nla imaginaci\u00f3n<br \/>\necha a volar<\/p>\n<p>Sin buscar, encuentro<br \/>\nrespuestas en las hojas<br \/>\nde ramas prendidas<\/p>\n<p>O en el suelo esparcidas<br \/>\nla tierra mi gu\u00eda<br \/>\nsiento su latir<\/p>\n<p>Mensajes que no o\u00eda<br \/>\nEl cantar de las hojas<\/p>\n<p class=\"written\">Beatriz<\/p>\n<p><\/div>\n<a onclick=\"wpex_toggle(314200753, 'Sola Dryas', 'Sola Dryas'); return false;\" class=\"wpex-link\" id=\"wpexlink314200753\" href=\"#\">Sola Dryas<\/a><div class=\"wpex_div\" id=\"wpex314200753\" style=\"display: none;\"><\/p>\n<p lang=\"la\">Sola Dryas<br \/>\nsola dryas<br \/>\nmutans colores<br \/>\net venustate inmutabile<br \/>\nSola Dryas<br \/>\nsplendens anima<br \/>\ne silvis oriens<\/p>\n<p lang=\"la\">Sola Dryas quae<br \/>\narte magica<br \/>\ntua florere facis<br \/>\narborem qui innexa es<\/p>\n<p lang=\"la\">Sola Dryas<br \/>\nsola Dryas<br \/>\nsplendens anima<br \/>\ne silvis oriens<\/p>\n<p class=\"written\">Escrito por Olga<br \/>\nTraducido al lat\u00edn por Blanca<\/p>\n<p><\/div>\n<h2 lang=\"la\">Vitae Proelium:<\/h2>\n<a onclick=\"wpex_toggle(21474943, 'Vitae Proelium', 'Vitae Proelium'); return false;\" class=\"wpex-link\" id=\"wpexlink21474943\" href=\"#\">Vitae Proelium<\/a><div class=\"wpex_div\" id=\"wpex21474943\" style=\"display: none;\"><\/p>\n<p lang=\"la\">Triumphator qui gloriam<br \/>\nin vitae proelium<br \/>\nobtinebit,<br \/>\nerit qui sapientia animam suam<br \/>\nimplebit.<\/p>\n<p lang=\"la\">Victor erit<br \/>\nqui minus videtur.<br \/>\nIn crescendi via,<br \/>\nin naturae concordia,<br \/>\nnihil exhibendum est.<\/p>\n<p class=\"written\">Written by Olga &amp; Pilar<br \/>\nTranslated to Latin by Blanca<\/p>\n<p><\/div>\n<a onclick=\"wpex_toggle(390648212, 'El Cantar de las Hojas', 'El Cantar de las Hojas'); return false;\" class=\"wpex-link\" id=\"wpexlink390648212\" href=\"#\">El Cantar de las Hojas<\/a><div class=\"wpex_div\" id=\"wpex390648212\" style=\"display: none;\"><\/p>\n<p lang=\"en\">Hope will spring up<br \/>\nin the valley of my fiefdom<br \/>\nThe singing of the leaves<br \/>\nwhispers<\/p>\n<p>La serenidad de tus versos<\/p>\n<p lang=\"en\">the ink in your brush<br \/>\nawaits your poetry<\/p>\n<p>El cantar de las hojas<\/p>\n<p class=\"written\">Escrito por Pilar<br \/>\nTraducci\u00f3n al ingl\u00e9s por Rub\u00e9n &amp; G.Woods<\/p>\n<p><\/div>\n<a onclick=\"wpex_toggle(2007513079, 'Dances of the Soul', 'Dances of the Soul'); return false;\" class=\"wpex-link\" id=\"wpexlink2007513079\" href=\"#\">Dances of the Soul<\/a><div class=\"wpex_div\" id=\"wpex2007513079\" style=\"display: none;\"><\/p>\n<p lang=\"en\">Like a leaf trying to glide,<br \/>\nswimming through the sound of the wind,<br \/>\nYou leave your grief in silence,<br \/>\nwithout fear.<\/p>\n<p lang=\"en\">You will wake up in the dark,<br \/>\nWhile the world falls asleep&#8230;<\/p>\n<p lang=\"en\">The devil cannot silence your thoughts,<br \/>\nHe will agonize as the sun shines.<br \/>\nYour presence vanishes within the soul&#8217;s dances.<\/p>\n<p lang=\"en\">You will wake up in the dark,<br \/>\nWhile the world falls asleep&#8230;<\/p>\n<p class=\"written\">Escrito por Pilar<br \/>\nTraducci\u00f3n al ingl\u00e9s por Rub\u00e9n &amp; G.Woods<\/p>\n<p><\/div>\n<a onclick=\"wpex_toggle(1706598173, 'Frater Mortis', 'Frater Mortis'); return false;\" class=\"wpex-link\" id=\"wpexlink1706598173\" href=\"#\">Frater Mortis<\/a><div class=\"wpex_div\" id=\"wpex1706598173\" style=\"display: none;\"><\/p>\n<p lang=\"la\">Somnus est frater mortis<br \/>\nSomnia ne cures nam fallum plurima plures<\/p>\n<p class=\"written\">Taken from a Latin phrases book. I don&#8217;t know the authors<\/p>\n<p><\/div>\n<a onclick=\"wpex_toggle(1476427533, 'Un lugar', 'Un lugar'); return false;\" class=\"wpex-link\" id=\"wpexlink1476427533\" href=\"#\">Un lugar<\/a><div class=\"wpex_div\" id=\"wpex1476427533\" style=\"display: none;\"><\/p>\n<p>Existe un lugar<br \/>\ndonde el viento susurra tr\u00e1gicos lamentos<br \/>\nUn lugar donde, se dice,<br \/>\ntodos descansan en paz.<\/p>\n<p>Los suyos nunca podr\u00e1n traspasar<br \/>\nesta barrera insalvable<br \/>\nS\u00f3lo desde el coraz\u00f3n<br \/>\nse puede dar ese salto inmortal<br \/>\ny creer, y escuchar&#8230;<\/p>\n<p>S\u00f3lo la imaginaci\u00f3n<br \/>\npuede o\u00edr y ver, as\u00ed,<br \/>\nentre tinieblas,<br \/>\nvoces del m\u00e1s all\u00e1&#8230;<\/p>\n<p>Eterna lucha y no descanso eterno<br \/>\nla de quienes necesitan<br \/>\nuna \u00faltima oportunidad,<br \/>\nun \u00faltimo abrazo, un perd\u00f3n,<br \/>\nun \u00faltimo -te quiero, no me olvides-,<br \/>\nun \u00faltimo adi\u00f3s&#8230;<br \/>\nNo pueden llevar tanto peso.<br \/>\nLes sobreviene la desesperaci\u00f3n<br \/>\ny un incesante -\u00bfpor qu\u00e9?-<br \/>\ninsoportable -\u00bfpor qu\u00e9?-<\/p>\n<p>Existe un lugar<br \/>\ndonde el tiempo ya no seguir\u00e1<br \/>\nnunca su curso.<br \/>\nUn lugar en el que<br \/>\nnadie descansa en paz.<\/p>\n<p class=\"written\">Written by Olga<\/p>\n<p><\/div>\n<a onclick=\"wpex_toggle(63443467, 'Omnia in Anima Manent', 'Omnia in Anima Manent'); return false;\" class=\"wpex-link\" id=\"wpexlink63443467\" href=\"#\">Omnia in Anima Manent<\/a><div class=\"wpex_div\" id=\"wpex63443467\" style=\"display: none;\"><\/p>\n<p lang=\"la\">Dulcis sensus<br \/>\ndolens laetitia<br \/>\ndolor laetus<br \/>\ndesiderium, desiderium.<\/p>\n<p lang=\"la\">Recordationes<br \/>\nper mentem vagantur<br \/>\nmaga memoria<br \/>\nlabentes stellae<br \/>\ncordis per caelum.<\/p>\n<p lang=\"la\">Omnia in anima manent<br \/>\nnavigantia in nebula.<\/p>\n<p lang=\"la\">Quae diffundit ingrata,<br \/>\nquae grata nitidat.<\/p>\n<p lang=\"la\">Quod hodie nimium videtur<br \/>\ncras pulchra imago.<\/p>\n<p class=\"written\">Written by Blanca<\/p>\n<p><\/div>\n<h2 lang=\"la\">Itineris I:<\/h2>\n<a onclick=\"wpex_toggle(95597862, 'Breaking Thoughts', 'Breaking Thoughts'); return false;\" class=\"wpex-link\" id=\"wpexlink95597862\" href=\"#\">Breaking Thoughts<\/a><div class=\"wpex_div\" id=\"wpex95597862\" style=\"display: none;\"><\/p>\n<p lang=\"en\">Running fast, I can breathe no more<br \/>\nSet me free from my breaking thoughts<\/p>\n<p lang=\"en\">Crying inside for no one hears me<br \/>\nhide my feelings and I need to escape<\/p>\n<p lang=\"en\">Running fast, I can&#8217;t reach the end<br \/>\nTake me out of this tunnel,<br \/>\nI will fall down<\/p>\n<p lang=\"en\">Running fast, I can breathe no more<br \/>\nSet me free from my breaking thoughts<\/p>\n<p lang=\"en\">Crying inside for no one hears me<br \/>\nhide my feelings and I need to escape<\/p>\n<p lang=\"en\">Need to reach &#8230; the end<br \/>\nholding on to my shattered hopes<br \/>\ntrying to heal my breaking thoughts<br \/>\nBreaking thoughts&#8230;.<\/p>\n<p class=\"written\">Olga<\/p>\n<p><\/div>\n<a onclick=\"wpex_toggle(146377539, 'Furor et Luctus', 'Furor et Luctus'); return false;\" class=\"wpex-link\" id=\"wpexlink146377539\" href=\"#\">Furor et Luctus<\/a><div class=\"wpex_div\" id=\"wpex146377539\" style=\"display: none;\"><\/p>\n<p lang=\"la\">Ut desint vires, tamen<br \/>\nest laudanda voluntas<\/p>\n<p class=\"written\">Ovidius<\/p>\n<p><\/div>\n<a onclick=\"wpex_toggle(399944917, 'Solitude', 'Solitude'); return false;\" class=\"wpex-link\" id=\"wpexlink399944917\" href=\"#\">Solitude<\/a><div class=\"wpex_div\" id=\"wpex399944917\" style=\"display: none;\"><\/p>\n<p lang=\"en\">Hopelessness, madness shakes my pain<br \/>\nIt was latent so far but now&#8230;<\/p>\n<p lang=\"en\">Wailing is the only<br \/>\nthing I can hear in the wind<br \/>\ncries of desolation,<br \/>\nagony.<br \/>\nNon-existent soulmate<br \/>\ncome into my solitude<br \/>\nout of this illusion,<br \/>\nand the day will dawn (for me).<\/p>\n<p class=\"written\">Olga<\/p>\n<p><\/div>\n<a onclick=\"wpex_toggle(608914362, 'Encontrarte', 'Encontrarte'); return false;\" class=\"wpex-link\" id=\"wpexlink608914362\" href=\"#\">Encontrarte<\/a><div class=\"wpex_div\" id=\"wpex608914362\" style=\"display: none;\"><\/p>\n<p>No quiero necesitar las palabras<br \/>\npara saber que compartimos nuestro mundo aparte<br \/>\ncon su lenguaje irracional de silencios,<br \/>\nfantas\u00eda, miradas huidizas<br \/>\nimaginaci\u00f3n,<br \/>\ny todo aquello que parece absurdo en<br \/>\nojos ajenos<\/p>\n<p>Te quiero imaginar proyectando<br \/>\nsignificados en el silencio&#8230;<\/p>\n<p>Silencio en que pensar tus palabras<br \/>\nSilencio en que ocultar<br \/>\ny silencio ignorante<br \/>\nSilencio en que so\u00f1ar<br \/>\ncon el contacto que estremece el cuerpo,<br \/>\nmil abrazos llenando el universo<\/p>\n<p>Te encontrar\u00e9<br \/>\naunque no sepa c\u00f3mo buscarte<br \/>\naunque te sienta tan lejos a veces<br \/>\ny a veces tan cerca<br \/>\naunque pensar me lleve a la desesperanza<br \/>\ny en la b\u00fasqueda deje mil l\u00e1grimas<\/p>\n<p>Te encontrar\u00e9<br \/>\ntendr\u00e1s mi apoyo<\/p>\n<p>A tu ausencia dedico<br \/>\nesta mentira o ilusi\u00f3n<\/p>\n<p>Esperando&#8230;<br \/>\nun nuevo gesto de afecto<br \/>\nque me haga so\u00f1ar<br \/>\ny dulcemente devorarlo<br \/>\nsin que t\u00fa lo sepas<br \/>\nEsperando&#8230;<br \/>\nque adivines lo que no<br \/>\nme atrevo a decir<\/p>\n<p>No quiero necesitar palabras&#8230;.<br \/>\n(s\u00f3lo silencios)<\/p>\n<p>Silencio en que so\u00f1ar<br \/>\ncon encontrarte<\/p>\n<p class=\"written\">Olga<\/p>\n<p><\/div>\n","protected":false},"excerpt":{"rendered":"<p>D\u00e9cada en Directo: &nbsp; Hiems Aeterna: En Directo 2015 Vitae Proelium: Itineris I:<\/p>\n","protected":false},"author":1,"featured_media":0,"parent":28,"menu_order":3,"comment_status":"closed","ping_status":"closed","template":"sidebar-page.php","meta":{"footnotes":""},"tags":[33],"class_list":["post-35","page","type-page","status-publish","hentry","tag-lyrics"],"_links":{"self":[{"href":"https:\/\/auranoctis.es\/en\/wp-json\/wp\/v2\/pages\/35","targetHints":{"allow":["GET"]}}],"collection":[{"href":"https:\/\/auranoctis.es\/en\/wp-json\/wp\/v2\/pages"}],"about":[{"href":"https:\/\/auranoctis.es\/en\/wp-json\/wp\/v2\/types\/page"}],"author":[{"embeddable":true,"href":"https:\/\/auranoctis.es\/en\/wp-json\/wp\/v2\/users\/1"}],"replies":[{"embeddable":true,"href":"https:\/\/auranoctis.es\/en\/wp-json\/wp\/v2\/comments?post=35"}],"version-history":[{"count":8,"href":"https:\/\/auranoctis.es\/en\/wp-json\/wp\/v2\/pages\/35\/revisions"}],"predecessor-version":[{"id":822,"href":"https:\/\/auranoctis.es\/en\/wp-json\/wp\/v2\/pages\/35\/revisions\/822"}],"up":[{"embeddable":true,"href":"https:\/\/auranoctis.es\/en\/wp-json\/wp\/v2\/pages\/28"}],"wp:attachment":[{"href":"https:\/\/auranoctis.es\/en\/wp-json\/wp\/v2\/media?parent=35"}],"wp:term":[{"taxonomy":"post_tag","embeddable":true,"href":"https:\/\/auranoctis.es\/en\/wp-json\/wp\/v2\/tags?post=35"}],"curies":[{"name":"wp","href":"https:\/\/api.w.org\/{rel}","templated":true}]}}